{"id":20,"date":"2019-05-17T11:40:59","date_gmt":"2019-05-17T11:40:59","guid":{"rendered":"http:\/\/esbelt-dk.steffenballe.com\/?page_id=20"},"modified":"2019-07-11T09:40:08","modified_gmt":"2019-07-11T09:40:08","slug":"om-os","status":"publish","type":"page","link":"https:\/\/esbelt.dk\/index.php\/om-os\/","title":{"rendered":"Om os"},"content":{"rendered":"\n<p>Esbelt Aps er en del af den spanske koncern Esbelt S.A. der har 5 produktionsafdelinger strategisk placeret,\u00a0samt et samarbejde med over 60 uafh\u00e6ngige distribut\u00f8rer verden over, hvilket g\u00f8r at vi har et k\u00e6mpe netv\u00e6rk at tr\u00e6kke p\u00e5. <\/p>\n\n\n\n<p>Hos Esbelt Aps tilbyder vi d\u00f8gnservice, som kan bist\u00e5 ved produktionsstop dag og nat.  Vi tilbyder ogs\u00e5 teknisk r\u00e5dgivning og vejledning i forbindelse med montager. Vores fuldt udrustede servicebil st\u00e5r klar n\u00e5r vores kunder har brug for montage samt service indefor transportb\u00e5nd og\u00a0 transmissions-remme m.m.<\/p>\n\n\n\n<p>Vi har hjemme i Odense, hvor vores lager og produktion er lokaliseret. Udover det kan vi altid tr\u00e6kke p\u00e5 de lagre, der er hos vores andre Esbelt fabrikker. Vores mange \u00e5rs erfaring kommer vores kunder til gode , derved er vi en st\u00e6rk samarbejdspartner\/leverand\u00f8r til b\u00e5de den danske og udenlandske industri. Vi im\u00f8dekommer industriens stigende krav til udvalg af forskellige b\u00e5ndtyper samt diverse foresp\u00f8rgsler omkring transportb\u00e5nd og remme. <\/p>\n","protected":false},"excerpt":{"rendered":"<p>Esbelt Aps er en del af den spanske koncern Esbelt S.A. der har 5 produktionsafdelinger strategisk placeret,\u00a0samt et samarbejde med over 60 uafh\u00e6ngige distribut\u00f8rer verden over, hvilket g\u00f8r at vi har et k\u00e6mpe netv\u00e6rk at tr\u00e6kke p\u00e5. Hos Esbelt Aps tilbyder vi d\u00f8gnservice, som kan bist\u00e5 ved produktionsstop dag og nat. Vi tilbyder ogs\u00e5 teknisk &hellip;<\/p>\n<p class=\"read-more\"> <a class=\"\" href=\"https:\/\/esbelt.dk\/index.php\/om-os\/\"> <span class=\"screen-reader-text\">Om os<\/span> Read More &raquo;<\/a><\/p>\n","protected":false},"author":1,"featured_media":0,"parent":0,"menu_order":0,"comment_status":"closed","ping_status":"closed","template":"","meta":[],"_links":{"self":[{"href":"https:\/\/esbelt.dk\/index.php\/wp-json\/wp\/v2\/pages\/20"}],"collection":[{"href":"https:\/\/esbelt.dk\/index.php\/wp-json\/wp\/v2\/pages"}],"about":[{"href":"https:\/\/esbelt.dk\/index.php\/wp-json\/wp\/v2\/types\/page"}],"author":[{"embeddable":true,"href":"https:\/\/esbelt.dk\/index.php\/wp-json\/wp\/v2\/users\/1"}],"replies":[{"embeddable":true,"href":"https:\/\/esbelt.dk\/index.php\/wp-json\/wp\/v2\/comments?post=20"}],"version-history":[{"count":3,"href":"https:\/\/esbelt.dk\/index.php\/wp-json\/wp\/v2\/pages\/20\/revisions"}],"predecessor-version":[{"id":172,"href":"https:\/\/esbelt.dk\/index.php\/wp-json\/wp\/v2\/pages\/20\/revisions\/172"}],"wp:attachment":[{"href":"https:\/\/esbelt.dk\/index.php\/wp-json\/wp\/v2\/media?parent=20"}],"curies":[{"name":"wp","href":"https:\/\/api.w.org\/{rel}","templated":true}]}}