{"id":21,"date":"2019-05-17T11:40:59","date_gmt":"2019-05-17T11:40:59","guid":{"rendered":"http:\/\/esbelt-dk.steffenballe.com\/?page_id=21"},"modified":"2025-04-07T15:51:56","modified_gmt":"2025-04-07T15:51:56","slug":"kontakt-os","status":"publish","type":"page","link":"https:\/\/esbelt.dk\/index.php\/kontakt-os\/","title":{"rendered":"Kontakt os"},"content":{"rendered":"\t\t<div data-elementor-type=\"wp-page\" data-elementor-id=\"21\" class=\"elementor elementor-21\" data-elementor-settings=\"[]\">\n\t\t\t\t\t\t<div class=\"elementor-inner\">\n\t\t\t\t\t\t\t<div class=\"elementor-section-wrap\">\n\t\t\t\t\t\t\t<section class=\"elementor-section elementor-top-section elementor-element elementor-element-40b8122a elementor-section-boxed elementor-section-height-default elementor-section-height-default\" data-id=\"40b8122a\" data-element_type=\"section\">\n\t\t\t\t\t\t<div class=\"elementor-container elementor-column-gap-default\">\n\t\t\t\t\t\t\t<div class=\"elementor-row\">\n\t\t\t\t\t<div class=\"elementor-column elementor-col-100 elementor-top-column elementor-element elementor-element-24b19794\" data-id=\"24b19794\" data-element_type=\"column\">\n\t\t\t<div class=\"elementor-column-wrap elementor-element-populated\">\n\t\t\t\t\t\t\t<div class=\"elementor-widget-wrap\">\n\t\t\t\t\t\t<div class=\"elementor-element elementor-element-3c647adc elementor-widget elementor-widget-text-editor\" data-id=\"3c647adc\" data-element_type=\"widget\" data-widget_type=\"text-editor.default\">\n\t\t\t\t<div class=\"elementor-widget-container\">\n\t\t\t\t\t\t\t\t<div class=\"elementor-text-editor elementor-clearfix\">\n\t\t\t\t<p><!-- wp:paragraph {\"style\":{\"typography\":{\"fontSize\":17}}} --><\/p>\n<p style=\"font-size: 17px; text-align: left;\"><strong>Vi bor p\u00e5<\/strong><br>Agerhatten 16B,<br>5220 Odense S\u00d8<\/p>\n<p><!-- \/wp:paragraph --><!-- wp:paragraph --><\/p>\n<p><strong>Tlf <\/strong> +45 70 20 62 09<br><strong>D\u00f8gntelefon <\/strong> +45 40 40 62 09<br><strong>e-mail <\/strong> esbelt@esbelt.dk<br><strong>CVR <\/strong> 21165972<\/p>\n<p><!-- \/wp:paragraph --><!-- wp:separator {\"className\":\"is-style-wide\"} --><\/p>\n<hr class=\"wp-block-separator is-style-wide\">\n<p><!-- \/wp:separator --><!-- wp:columns {\"className\":\"has-2-columns\"} --><\/p>\n<div class=\"wp-block-columns has-2-columns\">\n<p><!-- wp:column --><\/p>\n<div class=\"wp-block-column\">\n<p><!-- wp:image {\"id\":166,\"width\":193,\"height\":191} --><\/p>\n<figure class=\"wp-block-image is-resized\"><img loading=\"lazy\" class=\"alignnone wp-image-412\" src=\"http:\/\/esbelt.dk\/wp-content\/uploads\/2025\/04\/Design_uden_navn__3_-removebg-preview-300x300.png\" alt=\"\" width=\"250\" height=\"250\" srcset=\"https:\/\/esbelt.dk\/wp-content\/uploads\/2025\/04\/Design_uden_navn__3_-removebg-preview-300x300.png 300w, https:\/\/esbelt.dk\/wp-content\/uploads\/2025\/04\/Design_uden_navn__3_-removebg-preview-150x150.png 150w, https:\/\/esbelt.dk\/wp-content\/uploads\/2025\/04\/Design_uden_navn__3_-removebg-preview.png 500w\" sizes=\"(max-width: 250px) 100vw, 250px\" \/><\/figure>\n<p><!-- \/wp:image --><!-- wp:paragraph --><\/p>\n<p><!-- \/wp:paragraph --><\/p>\n<\/div>\n<p><!-- \/wp:column --><!-- wp:column --><\/p>\n<div class=\"wp-block-column\">\n<p><!-- wp:paragraph --><\/p>\n<p><strong>Frits Balle<\/strong> &#8211; Managing Director<\/p>\n<p><strong style=\"font-size: 15px; font-family: var( --e-global-typography-text-font-family ), Sans-serif;\">Frits@esbelt.dk<\/strong><\/p>\n<p><span style=\"font-size: 16px;\">+45 40 35 62 09<\/span><\/p>\n<p><!-- \/wp:paragraph --><!-- wp:paragraph --><\/p>\n<p style=\"text-align: left;\"><!-- \/wp:paragraph --><!-- wp:paragraph --><\/p>\n<p><!-- \/wp:paragraph --><\/p>\n<\/div>\n<p><!-- \/wp:column --><\/p>\n<\/div>\n<p><!-- \/wp:columns --><!-- wp:separator {\"className\":\"is-style-wide\"} --><\/p>\n<hr class=\"wp-block-separator is-style-wide\">\n<p><!-- \/wp:separator --><!-- wp:columns {\"className\":\"has-2-columns\"} --><\/p>\n<div class=\"wp-block-columns has-2-columns\">\n<p><!-- wp:column --><\/p>\n<div class=\"wp-block-column\">\n<p><!-- wp:image {\"id\":168,\"width\":197,\"height\":195} --><\/p>\n<figure class=\"wp-block-image is-resized\"><img loading=\"lazy\" class=\"alignnone wp-image-414\" src=\"http:\/\/esbelt.dk\/wp-content\/uploads\/2025\/04\/Design_uden_navn__9_-removebg-preview-300x300.png\" alt=\"\" width=\"250\" height=\"250\" srcset=\"https:\/\/esbelt.dk\/wp-content\/uploads\/2025\/04\/Design_uden_navn__9_-removebg-preview-300x300.png 300w, https:\/\/esbelt.dk\/wp-content\/uploads\/2025\/04\/Design_uden_navn__9_-removebg-preview-150x150.png 150w, https:\/\/esbelt.dk\/wp-content\/uploads\/2025\/04\/Design_uden_navn__9_-removebg-preview.png 500w\" sizes=\"(max-width: 250px) 100vw, 250px\" \/><\/figure>\n<p><!-- \/wp:image --><\/p>\n<\/div>\n<p><!-- \/wp:column --><!-- wp:column --><\/p>\n<div class=\"wp-block-column\">\n<p><!-- wp:paragraph --><\/p>\n<p><strong>Tanya Volstrup<\/strong> &#8211; Manager<\/p>\n<p><!-- \/wp:paragraph --><!-- wp:paragraph --><\/p>\n<p><strong>Tanya@esbelt.dk<\/strong><\/p>\n<p><!-- \/wp:paragraph --><!-- wp:paragraph --><\/p>\n<p>+45 70 20 62 09<\/p>\n<p><!-- \/wp:paragraph --><\/p>\n<\/div>\n<p><!-- \/wp:column --><\/p>\n<\/div>\n<p><!-- \/wp:columns --><!-- wp:separator {\"className\":\"is-style-wide\"} --><\/p>\n<hr class=\"wp-block-separator is-style-wide\">\n<p><!-- \/wp:separator --><!-- wp:columns {\"className\":\"has-2-columns\"} --><\/p>\n<div class=\"wp-block-columns has-2-columns\">\n<p><!-- wp:column --><\/p>\n<div class=\"wp-block-column\">\n<p><!-- wp:image {\"id\":188,\"width\":197,\"height\":197} --><\/p>\n<figure class=\"wp-block-image is-resized\"><img loading=\"lazy\" class=\"alignnone wp-image-415\" src=\"http:\/\/esbelt.dk\/wp-content\/uploads\/2025\/04\/Design_uden_navn__10_-removebg-preview-300x300.png\" alt=\"\" width=\"250\" height=\"250\" srcset=\"https:\/\/esbelt.dk\/wp-content\/uploads\/2025\/04\/Design_uden_navn__10_-removebg-preview-300x300.png 300w, https:\/\/esbelt.dk\/wp-content\/uploads\/2025\/04\/Design_uden_navn__10_-removebg-preview-150x150.png 150w, https:\/\/esbelt.dk\/wp-content\/uploads\/2025\/04\/Design_uden_navn__10_-removebg-preview.png 500w\" sizes=\"(max-width: 250px) 100vw, 250px\" \/><\/figure>\n<p><!-- \/wp:image --><\/p>\n<\/div>\n<p><!-- \/wp:column --><!-- wp:column --><\/p>\n<div class=\"wp-block-column\">\n<p><!-- wp:paragraph --><\/p>\n<p><strong>Poul Jensen<\/strong> &#8211; General manager, Director of Sales &amp; Marketing<\/p>\n<p><!-- \/wp:paragraph --><!-- wp:paragraph --><\/p>\n<p><strong>Poul@esbelt.dk<\/strong><\/p>\n<p><!-- \/wp:paragraph --><!-- wp:paragraph --><\/p>\n<p>+45 40 53 62 09<\/p>\n<p><!-- \/wp:paragraph --><\/p>\n<\/div>\n<p><!-- \/wp:column --><\/p>\n<\/div>\n<p><!-- \/wp:columns --><!-- wp:separator {\"className\":\"is-style-wide\"} --><\/p>\n<div class=\"wp-block-column\">\n<div class=\"wp-block-column\">\n<figure class=\"wp-block-image is-resized\">\n<hr class=\"wp-block-separator is-style-wide\">\n<p><!-- \/wp:separator --><!-- wp:columns {\"className\":\"has-2-columns\"} --><\/p>\n<div class=\"wp-block-columns has-2-columns\">\n<p><!-- wp:column --><\/p>\n<div class=\"wp-block-column\">\n<p><!-- wp:image {\"id\":188,\"width\":197,\"height\":197} --><\/p>\n<figure class=\"wp-block-image is-resized\"><img loading=\"lazy\" class=\"alignnone wp-image-413\" src=\"http:\/\/esbelt.dk\/wp-content\/uploads\/2025\/04\/Design_uden_navn__4_-removebg-preview-300x300.png\" alt=\"\" width=\"250\" height=\"250\" srcset=\"https:\/\/esbelt.dk\/wp-content\/uploads\/2025\/04\/Design_uden_navn__4_-removebg-preview-300x300.png 300w, https:\/\/esbelt.dk\/wp-content\/uploads\/2025\/04\/Design_uden_navn__4_-removebg-preview-150x150.png 150w, https:\/\/esbelt.dk\/wp-content\/uploads\/2025\/04\/Design_uden_navn__4_-removebg-preview.png 500w\" sizes=\"(max-width: 250px) 100vw, 250px\" \/><\/figure>\n<p><!-- \/wp:image --><\/p>\n<\/div>\n<p><!-- \/wp:column --><!-- wp:column --><\/p>\n<div class=\"wp-block-column\">\n<p><!-- wp:paragraph --><\/p>\n<p><strong>Kennet K. Christensen<\/strong> &#8211; Sales<\/p>\n<p><!-- \/wp:paragraph --><!-- wp:paragraph --><\/p>\n<p><strong>kennet@esbelt.dk<\/strong><\/p>\n<p><!-- \/wp:paragraph --><!-- wp:paragraph --><\/p>\n<p>+45 40 42 62 09<\/p>\n<p><!-- \/wp:paragraph --><\/p>\n<\/div>\n<p><!-- \/wp:column --><\/p>\n<\/div>\n<p><!-- \/wp:columns --><!-- wp:separator {\"className\":\"is-style-wide\"} --><\/p>\n<hr class=\"wp-block-separator is-style-wide\">\n<p><!-- \/wp:separator --><!-- wp:paragraph --><\/p>\n<div class=\"wp-block-column\">\n<div class=\"wp-block-column\">&nbsp;<\/div>\n<\/div>\n<\/figure>\n<\/div>\n<\/div>\n<p><!-- \/wp:separator --><\/p>\t\t\t\t\t<\/div>\n\t\t\t\t\t\t<\/div>\n\t\t\t\t<\/div>\n\t\t\t\t\t\t<\/div>\n\t\t\t\t\t<\/div>\n\t\t<\/div>\n\t\t\t\t\t\t\t\t<\/div>\n\t\t\t\t\t<\/div>\n\t\t<\/section>\n\t\t\t\t<section class=\"elementor-section elementor-top-section elementor-element elementor-element-406127d elementor-section-boxed elementor-section-height-default elementor-section-height-default\" data-id=\"406127d\" data-element_type=\"section\">\n\t\t\t\t\t\t<div class=\"elementor-container elementor-column-gap-default\">\n\t\t\t\t\t\t\t<div class=\"elementor-row\">\n\t\t\t\t\t<div class=\"elementor-column elementor-col-100 elementor-top-column elementor-element elementor-element-309e69a\" data-id=\"309e69a\" data-element_type=\"column\">\n\t\t\t<div class=\"elementor-column-wrap elementor-element-populated\">\n\t\t\t\t\t\t\t<div class=\"elementor-widget-wrap\">\n\t\t\t\t\t\t<div class=\"elementor-element elementor-element-419a60f elementor-widget elementor-widget-heading\" data-id=\"419a60f\" data-element_type=\"widget\" data-widget_type=\"heading.default\">\n\t\t\t\t<div class=\"elementor-widget-container\">\n\t\t\t<h2 class=\"elementor-heading-title elementor-size-xxl\">M\u00f8d vores Team<\/h2>\t\t<\/div>\n\t\t\t\t<\/div>\n\t\t\t\t<div class=\"elementor-element elementor-element-9db1df1 elementor-widget elementor-widget-image\" data-id=\"9db1df1\" data-element_type=\"widget\" data-widget_type=\"image.default\">\n\t\t\t\t<div class=\"elementor-widget-container\">\n\t\t\t\t\t\t\t\t<div class=\"elementor-image\">\n\t\t\t\t\t\t\t\t\t\t\t\t<img width=\"768\" height=\"432\" src=\"https:\/\/esbelt.dk\/wp-content\/uploads\/2025\/04\/DSC00163-768x432.jpg\" class=\"attachment-medium_large size-medium_large\" alt=\"\" loading=\"lazy\" srcset=\"https:\/\/esbelt.dk\/wp-content\/uploads\/2025\/04\/DSC00163-768x432.jpg 768w, https:\/\/esbelt.dk\/wp-content\/uploads\/2025\/04\/DSC00163-300x169.jpg 300w, https:\/\/esbelt.dk\/wp-content\/uploads\/2025\/04\/DSC00163-1024x576.jpg 1024w, https:\/\/esbelt.dk\/wp-content\/uploads\/2025\/04\/DSC00163-1536x864.jpg 1536w, https:\/\/esbelt.dk\/wp-content\/uploads\/2025\/04\/DSC00163-2048x1152.jpg 2048w\" sizes=\"(max-width: 768px) 100vw, 768px\" \/>\t\t\t\t\t\t\t\t\t\t\t\t\t\t<\/div>\n\t\t\t\t\t\t<\/div>\n\t\t\t\t<\/div>\n\t\t\t\t\t\t<\/div>\n\t\t\t\t\t<\/div>\n\t\t<\/div>\n\t\t\t\t\t\t\t\t<\/div>\n\t\t\t\t\t<\/div>\n\t\t<\/section>\n\t\t\t\t\t\t<\/div>\n\t\t\t\t\t\t<\/div>\n\t\t\t\t\t<\/div>\n\t\t","protected":false},"excerpt":{"rendered":"<p>Vi bor p\u00e5Agerhatten 16B,5220 Odense S\u00d8 Tlf +45 70 20 62 09D\u00f8gntelefon +45 40 40 62 09e-mail esbelt@esbelt.dkCVR 21165972 Frits Balle &#8211; Managing Director Frits@esbelt.dk +45 40 35 62 09 Tanya Volstrup &#8211; Manager Tanya@esbelt.dk +45 70 20 62 09 Poul Jensen &#8211; General manager, Director of Sales &amp; Marketing Poul@esbelt.dk +45 40 53 62 &hellip;<\/p>\n<p class=\"read-more\"> <a class=\"\" href=\"https:\/\/esbelt.dk\/index.php\/kontakt-os\/\"> <span class=\"screen-reader-text\">Kontakt os<\/span> Read More &raquo;<\/a><\/p>\n","protected":false},"author":1,"featured_media":0,"parent":0,"menu_order":0,"comment_status":"closed","ping_status":"closed","template":"","meta":[],"_links":{"self":[{"href":"https:\/\/esbelt.dk\/index.php\/wp-json\/wp\/v2\/pages\/21"}],"collection":[{"href":"https:\/\/esbelt.dk\/index.php\/wp-json\/wp\/v2\/pages"}],"about":[{"href":"https:\/\/esbelt.dk\/index.php\/wp-json\/wp\/v2\/types\/page"}],"author":[{"embeddable":true,"href":"https:\/\/esbelt.dk\/index.php\/wp-json\/wp\/v2\/users\/1"}],"replies":[{"embeddable":true,"href":"https:\/\/esbelt.dk\/index.php\/wp-json\/wp\/v2\/comments?post=21"}],"version-history":[{"count":44,"href":"https:\/\/esbelt.dk\/index.php\/wp-json\/wp\/v2\/pages\/21\/revisions"}],"predecessor-version":[{"id":441,"href":"https:\/\/esbelt.dk\/index.php\/wp-json\/wp\/v2\/pages\/21\/revisions\/441"}],"wp:attachment":[{"href":"https:\/\/esbelt.dk\/index.php\/wp-json\/wp\/v2\/media?parent=21"}],"curies":[{"name":"wp","href":"https:\/\/api.w.org\/{rel}","templated":true}]}}