{"id":54,"date":"2019-05-17T15:57:20","date_gmt":"2019-05-17T15:57:20","guid":{"rendered":"http:\/\/esbelt-dk.steffenballe.com\/?page_id=54"},"modified":"2022-02-07T00:56:19","modified_gmt":"2022-02-07T00:56:19","slug":"home","status":"publish","type":"page","link":"https:\/\/esbelt.dk\/","title":{"rendered":"Din b\u00e5ndproducent"},"content":{"rendered":"\t\t<div data-elementor-type=\"wp-post\" data-elementor-id=\"54\" class=\"elementor elementor-54\" data-elementor-settings=\"[]\">\n\t\t\t\t\t\t<div class=\"elementor-inner\">\n\t\t\t\t\t\t\t<div class=\"elementor-section-wrap\">\n\t\t\t\t\t\t\t<section class=\"elementor-section elementor-top-section elementor-element elementor-element-457abd3 elementor-section-full_width elementor-section-stretched elementor-section-height-default elementor-section-height-default\" data-id=\"457abd3\" data-element_type=\"section\" data-settings=\"{&quot;background_background&quot;:&quot;gradient&quot;,&quot;stretch_section&quot;:&quot;section-stretched&quot;}\">\n\t\t\t\t\t\t<div class=\"elementor-container elementor-column-gap-default\">\n\t\t\t\t\t\t\t<div class=\"elementor-row\">\n\t\t\t\t\t<div class=\"elementor-column elementor-col-100 elementor-top-column elementor-element elementor-element-8e64fbf\" data-id=\"8e64fbf\" data-element_type=\"column\">\n\t\t\t<div class=\"elementor-column-wrap elementor-element-populated\">\n\t\t\t\t\t\t\t<div class=\"elementor-widget-wrap\">\n\t\t\t\t\t\t<div class=\"elementor-element elementor-element-c479bd6 elementor-widget elementor-widget-text-editor\" data-id=\"c479bd6\" data-element_type=\"widget\" data-widget_type=\"text-editor.default\">\n\t\t\t\t<div class=\"elementor-widget-container\">\n\t\t\t\t\t\t\t\t<div class=\"elementor-text-editor elementor-clearfix\">\n\t\t\t\t<p><strong>Din B\u00e5ndleverand\u00f8r<\/strong><\/p>\t\t\t\t\t<\/div>\n\t\t\t\t\t\t<\/div>\n\t\t\t\t<\/div>\n\t\t\t\t<div class=\"elementor-element elementor-element-a6195b0 elementor-widget elementor-widget-text-editor\" data-id=\"a6195b0\" data-element_type=\"widget\" data-widget_type=\"text-editor.default\">\n\t\t\t\t<div class=\"elementor-widget-container\">\n\t\t\t\t\t\t\t\t<div class=\"elementor-text-editor elementor-clearfix\">\n\t\t\t\t<p>Med over 30 \u00e5rs erfaring med produktionsanl\u00e6g og materialer, og en fremsynet service, er vi en af de st\u00e6rkeste producenter og leverand\u00f8rer af b\u00e5nd i Europa.<\/p>\t\t\t\t\t<\/div>\n\t\t\t\t\t\t<\/div>\n\t\t\t\t<\/div>\n\t\t\t\t\t\t<\/div>\n\t\t\t\t\t<\/div>\n\t\t<\/div>\n\t\t\t\t\t\t\t\t<\/div>\n\t\t\t\t\t<\/div>\n\t\t<\/section>\n\t\t\t\t<section class=\"elementor-section elementor-top-section elementor-element elementor-element-f4fbd7e elementor-section-boxed elementor-section-height-default elementor-section-height-default\" data-id=\"f4fbd7e\" data-element_type=\"section\">\n\t\t\t\t\t\t<div class=\"elementor-container elementor-column-gap-default\">\n\t\t\t\t\t\t\t<div class=\"elementor-row\">\n\t\t\t\t\t<div class=\"elementor-column elementor-col-100 elementor-top-column elementor-element elementor-element-b078228\" data-id=\"b078228\" data-element_type=\"column\">\n\t\t\t<div class=\"elementor-column-wrap elementor-element-populated\">\n\t\t\t\t\t\t\t<div class=\"elementor-widget-wrap\">\n\t\t\t\t\t\t<section class=\"elementor-section elementor-inner-section elementor-element elementor-element-760d6a5 elementor-section-boxed elementor-section-height-default elementor-section-height-default\" data-id=\"760d6a5\" data-element_type=\"section\">\n\t\t\t\t\t\t<div class=\"elementor-container elementor-column-gap-default\">\n\t\t\t\t\t\t\t<div class=\"elementor-row\">\n\t\t\t\t\t<div class=\"elementor-column elementor-col-33 elementor-inner-column elementor-element elementor-element-def2d64\" data-id=\"def2d64\" data-element_type=\"column\">\n\t\t\t<div class=\"elementor-column-wrap elementor-element-populated\">\n\t\t\t\t\t\t\t<div class=\"elementor-widget-wrap\">\n\t\t\t\t\t\t<div class=\"elementor-element elementor-element-03754c5 elementor-widget elementor-widget-image\" data-id=\"03754c5\" data-element_type=\"widget\" data-widget_type=\"image.default\">\n\t\t\t\t<div class=\"elementor-widget-container\">\n\t\t\t\t\t\t\t\t<div class=\"elementor-image\">\n\t\t\t\t\t\t\t\t\t\t\t\t<img width=\"600\" height=\"401\" src=\"https:\/\/esbelt.dk\/wp-content\/uploads\/2019\/05\/FOOD-banda-azul-con-masa-de-pan.jpg\" class=\"attachment-large size-large\" alt=\"\" loading=\"lazy\" \/>\t\t\t\t\t\t\t\t\t\t\t\t\t\t<\/div>\n\t\t\t\t\t\t<\/div>\n\t\t\t\t<\/div>\n\t\t\t\t\t\t<\/div>\n\t\t\t\t\t<\/div>\n\t\t<\/div>\n\t\t\t\t<div class=\"elementor-column elementor-col-33 elementor-inner-column elementor-element elementor-element-ec7e63e\" data-id=\"ec7e63e\" data-element_type=\"column\">\n\t\t\t<div class=\"elementor-column-wrap elementor-element-populated\">\n\t\t\t\t\t\t\t<div class=\"elementor-widget-wrap\">\n\t\t\t\t\t\t<div class=\"elementor-element elementor-element-0fa2370 elementor-widget elementor-widget-image\" data-id=\"0fa2370\" data-element_type=\"widget\" data-widget_type=\"image.default\">\n\t\t\t\t<div class=\"elementor-widget-container\">\n\t\t\t\t\t\t\t\t<div class=\"elementor-image\">\n\t\t\t\t\t\t\t\t\t\t\t\t<img width=\"600\" height=\"401\" src=\"https:\/\/esbelt.dk\/wp-content\/uploads\/2019\/05\/INDUSTRY-cartro.jpg\" class=\"attachment-large size-large\" alt=\"\" loading=\"lazy\" \/>\t\t\t\t\t\t\t\t\t\t\t\t\t\t<\/div>\n\t\t\t\t\t\t<\/div>\n\t\t\t\t<\/div>\n\t\t\t\t\t\t<\/div>\n\t\t\t\t\t<\/div>\n\t\t<\/div>\n\t\t\t\t<div class=\"elementor-column elementor-col-33 elementor-inner-column elementor-element elementor-element-eee05ad\" data-id=\"eee05ad\" data-element_type=\"column\">\n\t\t\t<div class=\"elementor-column-wrap elementor-element-populated\">\n\t\t\t\t\t\t\t<div class=\"elementor-widget-wrap\">\n\t\t\t\t\t\t<div class=\"elementor-element elementor-element-7837018 elementor-widget elementor-widget-image\" data-id=\"7837018\" data-element_type=\"widget\" data-widget_type=\"image.default\">\n\t\t\t\t<div class=\"elementor-widget-container\">\n\t\t\t\t\t\t\t\t<div class=\"elementor-image\">\n\t\t\t\t\t\t\t\t\t\t\t\t<img width=\"600\" height=\"401\" src=\"https:\/\/esbelt.dk\/wp-content\/uploads\/2019\/05\/AGRO-te.jpg\" class=\"attachment-large size-large\" alt=\"\" loading=\"lazy\" \/>\t\t\t\t\t\t\t\t\t\t\t\t\t\t<\/div>\n\t\t\t\t\t\t<\/div>\n\t\t\t\t<\/div>\n\t\t\t\t\t\t<\/div>\n\t\t\t\t\t<\/div>\n\t\t<\/div>\n\t\t\t\t\t\t\t\t<\/div>\n\t\t\t\t\t<\/div>\n\t\t<\/section>\n\t\t\t\t<div class=\"elementor-element elementor-element-051a848 elementor-arrows-position-outside elementor-pagination-position-outside elementor-widget elementor-widget-image-carousel\" data-id=\"051a848\" data-element_type=\"widget\" data-settings=\"{&quot;navigation&quot;:&quot;both&quot;,&quot;autoplay&quot;:&quot;yes&quot;,&quot;pause_on_hover&quot;:&quot;yes&quot;,&quot;pause_on_interaction&quot;:&quot;yes&quot;,&quot;autoplay_speed&quot;:5000,&quot;infinite&quot;:&quot;yes&quot;,&quot;speed&quot;:500}\" data-widget_type=\"image-carousel.default\">\n\t\t\t\t<div class=\"elementor-widget-container\">\n\t\t\t\t\t<div class=\"elementor-image-carousel-wrapper swiper-container\" dir=\"ltr\">\n\t\t\t<div class=\"elementor-image-carousel swiper-wrapper\">\n\t\t\t\t\t\t\t\t<div class=\"swiper-slide\"><figure class=\"swiper-slide-inner\"><img class=\"swiper-slide-image\" src=\"https:\/\/esbelt.dk\/wp-content\/uploads\/2019\/09\/Plastslange-for-transport-ruller.jpg\" alt=\"Plastslange for transport ruller\" \/><\/figure><\/div><div class=\"swiper-slide\"><figure class=\"swiper-slide-inner\"><img class=\"swiper-slide-image\" src=\"https:\/\/esbelt.dk\/wp-content\/uploads\/2019\/09\/Flettede-Rundsnor-med-krog.jpg\" alt=\"Flettede Rundsnor med krog\" \/><\/figure><\/div><div class=\"swiper-slide\"><figure class=\"swiper-slide-inner\"><img class=\"swiper-slide-image\" src=\"https:\/\/esbelt.dk\/wp-content\/uploads\/2019\/09\/Flettede-Rundsnor-2.jpg\" alt=\"Flettede Rundsnor (2)\" \/><\/figure><\/div><div class=\"swiper-slide\"><figure class=\"swiper-slide-inner\"><img class=\"swiper-slide-image\" src=\"https:\/\/esbelt.dk\/wp-content\/uploads\/2019\/09\/PolySprint-construction1.jpg\" alt=\"PolySprint-construction[1]\" \/><\/figure><\/div><div class=\"swiper-slide\"><figure class=\"swiper-slide-inner\"><img class=\"swiper-slide-image\" src=\"https:\/\/esbelt.dk\/wp-content\/uploads\/2019\/09\/Polybeltt-construction1.jpg\" alt=\"Polybeltt-construction[1]\" \/><\/figure><\/div><div class=\"swiper-slide\"><figure class=\"swiper-slide-inner\"><img class=\"swiper-slide-image\" src=\"https:\/\/esbelt.dk\/wp-content\/uploads\/2019\/09\/Papir-Industri.jpg\" alt=\"Papir Industri\" \/><\/figure><\/div><div class=\"swiper-slide\"><figure class=\"swiper-slide-inner\"><img class=\"swiper-slide-image\" src=\"https:\/\/esbelt.dk\/wp-content\/uploads\/2019\/09\/Industri.jpg\" alt=\"Industri\" \/><\/figure><\/div><div class=\"swiper-slide\"><figure class=\"swiper-slide-inner\"><img class=\"swiper-slide-image\" src=\"https:\/\/esbelt.dk\/wp-content\/uploads\/2019\/09\/belt_polysprint1.jpg\" alt=\"belt_polysprint[1]\" \/><\/figure><\/div><div class=\"swiper-slide\"><figure class=\"swiper-slide-inner\"><img class=\"swiper-slide-image\" src=\"https:\/\/esbelt.dk\/wp-content\/uploads\/2019\/09\/Tandremme-metervare.jpg\" alt=\"Tandremme metervare\" \/><\/figure><\/div><div class=\"swiper-slide\"><figure class=\"swiper-slide-inner\"><img class=\"swiper-slide-image\" src=\"https:\/\/esbelt.dk\/wp-content\/uploads\/2019\/09\/Tandremme-med-styreprofiler.jpg\" alt=\"Tandremme med styreprofiler\" \/><\/figure><\/div><div class=\"swiper-slide\"><figure class=\"swiper-slide-inner\"><img class=\"swiper-slide-image\" src=\"https:\/\/esbelt.dk\/wp-content\/uploads\/2019\/09\/Tandremme-med-PIN-samlinger.jpg\" alt=\"Tandremme med PIN samlinger\" \/><\/figure><\/div><div class=\"swiper-slide\"><figure class=\"swiper-slide-inner\"><img class=\"swiper-slide-image\" src=\"https:\/\/esbelt.dk\/wp-content\/uploads\/2019\/09\/Tandrem-med-ZIP-samling.jpg\" alt=\"Tandrem med ZIP samling\" \/><\/figure><\/div><div class=\"swiper-slide\"><figure class=\"swiper-slide-inner\"><img class=\"swiper-slide-image\" src=\"https:\/\/esbelt.dk\/wp-content\/uploads\/2019\/09\/Tandrem-med-speciel-medbringer.jpg\" alt=\"Tandrem med speciel medbringer\" \/><\/figure><\/div><div class=\"swiper-slide\"><figure class=\"swiper-slide-inner\"><img class=\"swiper-slide-image\" src=\"https:\/\/esbelt.dk\/wp-content\/uploads\/2019\/09\/Tandrem-med-special-medbringer.jpg\" alt=\"Tandrem med special medbringer\" \/><\/figure><\/div><div class=\"swiper-slide\"><figure class=\"swiper-slide-inner\"><img class=\"swiper-slide-image\" src=\"https:\/\/esbelt.dk\/wp-content\/uploads\/2019\/09\/Flex-1.5-mm-Tandrem.jpg\" alt=\"Flex 1.5 mm Tandrem\" \/><\/figure><\/div><div class=\"swiper-slide\"><figure class=\"swiper-slide-inner\"><img class=\"swiper-slide-image\" src=\"https:\/\/esbelt.dk\/wp-content\/uploads\/2019\/09\/Vacuum-tandrem-m-Linatex.jpg\" alt=\"Vacuum tandrem m, Linatex\" \/><\/figure><\/div><div class=\"swiper-slide\"><figure class=\"swiper-slide-inner\"><img class=\"swiper-slide-image\" src=\"https:\/\/esbelt.dk\/wp-content\/uploads\/2019\/09\/T10-Tandrem-med-nupper.jpg\" alt=\"T10 Tandrem med nupper\" \/><\/figure><\/div><div class=\"swiper-slide\"><figure class=\"swiper-slide-inner\"><img class=\"swiper-slide-image\" src=\"https:\/\/esbelt.dk\/wp-content\/uploads\/2019\/09\/Special-Tandrem.jpg\" alt=\"Special Tandrem\" \/><\/figure><\/div><div class=\"swiper-slide\"><figure class=\"swiper-slide-inner\"><img class=\"swiper-slide-image\" src=\"https:\/\/esbelt.dk\/wp-content\/uploads\/2019\/09\/14T10-med-Sylomer.jpg\" alt=\"14T10 med Sylomer\" \/><\/figure><\/div><div class=\"swiper-slide\"><figure class=\"swiper-slide-inner\"><img class=\"swiper-slide-image\" src=\"https:\/\/esbelt.dk\/wp-content\/uploads\/2019\/07\/2wvjxgj33ao74ocb.jpg\" alt=\"2wvjxgj33ao74ocb\" \/><\/figure><\/div><div class=\"swiper-slide\"><figure class=\"swiper-slide-inner\"><img class=\"swiper-slide-image\" src=\"https:\/\/esbelt.dk\/wp-content\/uploads\/2019\/09\/Silon-25AS-2.jpg\" alt=\"Silon 25AS\" \/><\/figure><\/div><div class=\"swiper-slide\"><figure class=\"swiper-slide-inner\"><img class=\"swiper-slide-image\" src=\"https:\/\/esbelt.dk\/wp-content\/uploads\/2019\/09\/Poly-V-rem-paastoebt-silikone.jpg\" alt=\"Poly-V-rem-paastoebt-silikone\" \/><\/figure><\/div><div class=\"swiper-slide\"><figure class=\"swiper-slide-inner\"><img class=\"swiper-slide-image\" src=\"https:\/\/esbelt.dk\/wp-content\/uploads\/2019\/09\/tandremme-med-belaegning.jpg\" alt=\"tandremme-med-belaegning\" \/><\/figure><\/div><div class=\"swiper-slide\"><figure class=\"swiper-slide-inner\"><img class=\"swiper-slide-image\" src=\"https:\/\/esbelt.dk\/wp-content\/uploads\/2019\/09\/Terminalbaand-1.jpg\" alt=\"Terminalbaand-1\" \/><\/figure><\/div><div class=\"swiper-slide\"><figure class=\"swiper-slide-inner\"><img class=\"swiper-slide-image\" src=\"https:\/\/esbelt.dk\/wp-content\/uploads\/2019\/09\/Specielle-medbringerbaand.jpg\" alt=\"Specielle-medbringerbaand\" \/><\/figure><\/div><div class=\"swiper-slide\"><figure class=\"swiper-slide-inner\"><img class=\"swiper-slide-image\" src=\"https:\/\/esbelt.dk\/wp-content\/uploads\/2019\/09\/PU-baand-paamonteret-boerster.jpg\" alt=\"PU-baand-paamonteret-boerster\" \/><\/figure><\/div><div class=\"swiper-slide\"><figure class=\"swiper-slide-inner\"><img class=\"swiper-slide-image\" src=\"https:\/\/esbelt.dk\/wp-content\/uploads\/2019\/09\/Blaa-grib.jpg\" alt=\"Blaa-grib\" \/><\/figure><\/div><div class=\"swiper-slide\"><figure class=\"swiper-slide-inner\"><img class=\"swiper-slide-image\" src=\"https:\/\/esbelt.dk\/wp-content\/uploads\/2019\/09\/GUF-Teflon-baand-1.jpg\" alt=\"GUF-Teflon-baand-1\" \/><\/figure><\/div><div class=\"swiper-slide\"><figure class=\"swiper-slide-inner\"><img class=\"swiper-slide-image\" src=\"https:\/\/esbelt.dk\/wp-content\/uploads\/2019\/09\/Ark-foeder.jpg\" alt=\"Ark-foeder\" \/><\/figure><\/div><div class=\"swiper-slide\"><figure class=\"swiper-slide-inner\"><img class=\"swiper-slide-image\" src=\"https:\/\/esbelt.dk\/wp-content\/uploads\/2019\/09\/Specialbaand-til-vinduesproduktion2.jpg\" alt=\"Specialbaand-til-vinduesproduktion2\" \/><\/figure><\/div><div class=\"swiper-slide\"><figure class=\"swiper-slide-inner\"><img class=\"swiper-slide-image\" src=\"https:\/\/esbelt.dk\/wp-content\/uploads\/2019\/09\/Tandrem-med-blaa-supergrib.jpg\" alt=\"Tandrem-med-blaa-supergrib\" \/><\/figure><\/div><div class=\"swiper-slide\"><figure class=\"swiper-slide-inner\"><img class=\"swiper-slide-image\" src=\"https:\/\/esbelt.dk\/wp-content\/uploads\/2019\/09\/51-graders-kurve-TPU-baand.jpg\" alt=\"51-graders-kurve-TPU-baand\" \/><\/figure><\/div><div class=\"swiper-slide\"><figure class=\"swiper-slide-inner\"><img class=\"swiper-slide-image\" src=\"https:\/\/esbelt.dk\/wp-content\/uploads\/2019\/09\/180-kurve-TPU-baand2.jpg\" alt=\"180-kurve-TPU-baand2\" \/><\/figure><\/div><div class=\"swiper-slide\"><figure class=\"swiper-slide-inner\"><img class=\"swiper-slide-image\" src=\"https:\/\/esbelt.dk\/wp-content\/uploads\/2019\/09\/Filtbaand-for-pudser.jpg\" alt=\"Filtbaand-for-pudser\" \/><\/figure><\/div><div class=\"swiper-slide\"><figure class=\"swiper-slide-inner\"><img class=\"swiper-slide-image\" src=\"https:\/\/esbelt.dk\/wp-content\/uploads\/2019\/09\/Vakuum-Pudseband.jpg\" alt=\"Vakuum-Pudseband\" \/><\/figure><\/div><div class=\"swiper-slide\"><figure class=\"swiper-slide-inner\"><img class=\"swiper-slide-image\" src=\"https:\/\/esbelt.dk\/wp-content\/uploads\/2019\/09\/Vakuum-baand-m-Linatex.jpg\" alt=\"Vakuum-baand-m-Linatex\" \/><\/figure><\/div><div class=\"swiper-slide\"><figure class=\"swiper-slide-inner\"><img class=\"swiper-slide-image\" src=\"https:\/\/esbelt.dk\/wp-content\/uploads\/2019\/09\/Silon-25AS.jpg\" alt=\"Silon 25AS\" \/><\/figure><\/div><div class=\"swiper-slide\"><figure class=\"swiper-slide-inner\"><img class=\"swiper-slide-image\" src=\"https:\/\/esbelt.dk\/wp-content\/uploads\/2019\/09\/Medbringer-tandrem.jpg\" alt=\"Medbringer tandrem\" \/><\/figure><\/div>\t\t\t<\/div>\n\t\t\t\t\t\t\t\t\t\t\t\t<div class=\"swiper-pagination\"><\/div>\n\t\t\t\t\t\t\t\t\t\t\t\t\t<div class=\"elementor-swiper-button elementor-swiper-button-prev\">\n\t\t\t\t\t\t<i aria-hidden=\"true\" class=\"eicon-chevron-left\"><\/i>\t\t\t\t\t\t<span class=\"elementor-screen-only\">Previous<\/span>\n\t\t\t\t\t<\/div>\n\t\t\t\t\t<div class=\"elementor-swiper-button elementor-swiper-button-next\">\n\t\t\t\t\t\t<i aria-hidden=\"true\" class=\"eicon-chevron-right\"><\/i>\t\t\t\t\t\t<span class=\"elementor-screen-only\">Next<\/span>\n\t\t\t\t\t<\/div>\n\t\t\t\t\t\t\t\t\t<\/div>\n\t\t\t\t<\/div>\n\t\t\t\t<\/div>\n\t\t\t\t\t\t<\/div>\n\t\t\t\t\t<\/div>\n\t\t<\/div>\n\t\t\t\t\t\t\t\t<\/div>\n\t\t\t\t\t<\/div>\n\t\t<\/section>\n\t\t\t\t<section class=\"elementor-section elementor-top-section elementor-element elementor-element-e7659fb elementor-section-boxed elementor-section-height-default elementor-section-height-default\" data-id=\"e7659fb\" data-element_type=\"section\">\n\t\t\t\t\t\t<div class=\"elementor-container elementor-column-gap-default\">\n\t\t\t\t\t\t\t<div class=\"elementor-row\">\n\t\t\t\t\t<div class=\"elementor-column elementor-col-100 elementor-top-column elementor-element elementor-element-7e80983\" data-id=\"7e80983\" data-element_type=\"column\">\n\t\t\t<div class=\"elementor-column-wrap elementor-element-populated\">\n\t\t\t\t\t\t\t<div class=\"elementor-widget-wrap\">\n\t\t\t\t\t\t<div class=\"elementor-element elementor-element-f2a9fcd elementor-widget elementor-widget-image\" data-id=\"f2a9fcd\" data-element_type=\"widget\" data-widget_type=\"image.default\">\n\t\t\t\t<div class=\"elementor-widget-container\">\n\t\t\t\t\t\t\t\t<div class=\"elementor-image\">\n\t\t\t\t\t\t\t\t\t\t\t\t\t<a href=\"https:\/\/www.findsmiley.dk\/83842\">\n\t\t\t\t\t\t\t<img width=\"847\" height=\"274\" src=\"https:\/\/esbelt.dk\/wp-content\/uploads\/2019\/07\/Se-kontorlrapport.jpg\" class=\"attachment-large size-large\" alt=\"\" loading=\"lazy\" \/>\t\t\t\t\t\t\t\t<\/a>\n\t\t\t\t\t\t\t\t\t\t\t\t\t\t<\/div>\n\t\t\t\t\t\t<\/div>\n\t\t\t\t<\/div>\n\t\t\t\t<div class=\"elementor-element elementor-element-a97d4c1 elementor-widget elementor-widget-heading\" data-id=\"a97d4c1\" data-element_type=\"widget\" data-widget_type=\"heading.default\">\n\t\t\t\t<div class=\"elementor-widget-container\">\n\t\t\t<span class=\"elementor-heading-title elementor-size-default\"><strong style=\"box-sizing: inherit; font-size: 15px; font-style: normal; color: rgb(58, 58, 58); font-family: -apple-system, BlinkMacSystemFont, &quot;Segoe UI&quot;, Roboto, Oxygen-Sans, Ubuntu, Cantarell, &quot;Helvetica Neue&quot;, sans-serif; white-space: normal;\">Tlf&nbsp;<\/strong><span style=\"color: rgb(58, 58, 58); font-family: -apple-system, BlinkMacSystemFont, &quot;Segoe UI&quot;, Roboto, Oxygen-Sans, Ubuntu, Cantarell, &quot;Helvetica Neue&quot;, sans-serif; font-size: 15px; font-style: normal; font-weight: 400; white-space: normal;\">+45 70 20 62 09<\/span><br style=\"box-sizing: inherit; color: rgb(58, 58, 58); font-family: -apple-system, BlinkMacSystemFont, &quot;Segoe UI&quot;, Roboto, Oxygen-Sans, Ubuntu, Cantarell, &quot;Helvetica Neue&quot;, sans-serif; font-size: 15px; font-weight: 400; white-space: normal;\"><strong style=\"box-sizing: inherit; font-size: 15px; font-style: normal; color: rgb(58, 58, 58); font-family: -apple-system, BlinkMacSystemFont, &quot;Segoe UI&quot;, Roboto, Oxygen-Sans, Ubuntu, Cantarell, &quot;Helvetica Neue&quot;, sans-serif; white-space: normal;\">D\u00f8gntelefon&nbsp;<\/strong><span style=\"color: rgb(58, 58, 58); font-family: -apple-system, BlinkMacSystemFont, &quot;Segoe UI&quot;, Roboto, Oxygen-Sans, Ubuntu, Cantarell, &quot;Helvetica Neue&quot;, sans-serif; font-size: 15px; font-style: normal; font-weight: 400; white-space: normal;\">+45 40 40 62 09<\/span><br style=\"box-sizing: inherit; color: rgb(58, 58, 58); font-family: -apple-system, BlinkMacSystemFont, &quot;Segoe UI&quot;, Roboto, Oxygen-Sans, Ubuntu, Cantarell, &quot;Helvetica Neue&quot;, sans-serif; font-size: 15px; font-weight: 400; white-space: normal;\"><strong style=\"box-sizing: inherit; font-size: 15px; font-style: normal; color: rgb(58, 58, 58); font-family: -apple-system, BlinkMacSystemFont, &quot;Segoe UI&quot;, Roboto, Oxygen-Sans, Ubuntu, Cantarell, &quot;Helvetica Neue&quot;, sans-serif; white-space: normal;\">e-mail&nbsp;<\/strong><span style=\"color: rgb(58, 58, 58); font-family: -apple-system, BlinkMacSystemFont, &quot;Segoe UI&quot;, Roboto, Oxygen-Sans, Ubuntu, Cantarell, &quot;Helvetica Neue&quot;, sans-serif; font-size: 15px; font-style: normal; font-weight: 400; white-space: normal;\">esbelt@esbelt.dk<\/span><br style=\"box-sizing: inherit; color: rgb(58, 58, 58); font-family: -apple-system, BlinkMacSystemFont, &quot;Segoe UI&quot;, Roboto, Oxygen-Sans, Ubuntu, Cantarell, &quot;Helvetica Neue&quot;, sans-serif; font-size: 15px; font-weight: 400; white-space: normal;\"><strong style=\"box-sizing: inherit; font-size: 15px; font-style: normal; color: rgb(58, 58, 58); font-family: -apple-system, BlinkMacSystemFont, &quot;Segoe UI&quot;, Roboto, Oxygen-Sans, Ubuntu, Cantarell, &quot;Helvetica Neue&quot;, sans-serif; white-space: normal;\">CVR&nbsp;<\/strong><span style=\"color: rgb(58, 58, 58); font-family: -apple-system, BlinkMacSystemFont, &quot;Segoe UI&quot;, Roboto, Oxygen-Sans, Ubuntu, Cantarell, &quot;Helvetica Neue&quot;, sans-serif; font-size: 15px; font-style: normal; font-weight: 400; white-space: normal;\">21165972<\/span><\/span>\t\t<\/div>\n\t\t\t\t<\/div>\n\t\t\t\t\t\t<\/div>\n\t\t\t\t\t<\/div>\n\t\t<\/div>\n\t\t\t\t\t\t\t\t<\/div>\n\t\t\t\t\t<\/div>\n\t\t<\/section>\n\t\t\t\t\t\t<\/div>\n\t\t\t\t\t\t<\/div>\n\t\t\t\t\t<\/div>\n\t\t","protected":false},"excerpt":{"rendered":"<p>Din B\u00e5ndleverand\u00f8r Med over 30 \u00e5rs erfaring med produktionsanl\u00e6g og materialer, og en fremsynet service, er vi en af de st\u00e6rkeste producenter og leverand\u00f8rer af b\u00e5nd i Europa. Previous Next Tlf&nbsp;+45 70 20 62 09D\u00f8gntelefon&nbsp;+45 40 40 62 09e-mail&nbsp;esbelt@esbelt.dkCVR&nbsp;21165972<\/p>\n","protected":false},"author":1,"featured_media":0,"parent":0,"menu_order":0,"comment_status":"closed","ping_status":"closed","template":"","meta":[],"_links":{"self":[{"href":"https:\/\/esbelt.dk\/index.php\/wp-json\/wp\/v2\/pages\/54"}],"collection":[{"href":"https:\/\/esbelt.dk\/index.php\/wp-json\/wp\/v2\/pages"}],"about":[{"href":"https:\/\/esbelt.dk\/index.php\/wp-json\/wp\/v2\/types\/page"}],"author":[{"embeddable":true,"href":"https:\/\/esbelt.dk\/index.php\/wp-json\/wp\/v2\/users\/1"}],"replies":[{"embeddable":true,"href":"https:\/\/esbelt.dk\/index.php\/wp-json\/wp\/v2\/comments?post=54"}],"version-history":[{"count":40,"href":"https:\/\/esbelt.dk\/index.php\/wp-json\/wp\/v2\/pages\/54\/revisions"}],"predecessor-version":[{"id":403,"href":"https:\/\/esbelt.dk\/index.php\/wp-json\/wp\/v2\/pages\/54\/revisions\/403"}],"wp:attachment":[{"href":"https:\/\/esbelt.dk\/index.php\/wp-json\/wp\/v2\/media?parent=54"}],"curies":[{"name":"wp","href":"https:\/\/api.w.org\/{rel}","templated":true}]}}